{"id":5789,"date":"2025-02-11T04:35:52","date_gmt":"2025-02-11T04:35:52","guid":{"rendered":"https:\/\/mighti.themewant.com\/?page_id=5789"},"modified":"2025-02-28T13:35:46","modified_gmt":"2025-02-28T12:35:46","slug":"sobre-nosotros","status":"publish","type":"page","link":"https:\/\/alcumecomunicacion.es\/gl\/sobre-nosotros\/","title":{"rendered":"Sobre N\u00f3s"},"content":{"rendered":"<div data-elementor-type=\"wp-page\" data-elementor-id=\"5789\" class=\"elementor elementor-5789\">\n\t\t\t\t<div class=\"elementor-element elementor-element-d81b456 e-con-full e-flex e-con e-parent\" data-id=\"d81b456\" data-element_type=\"container\" data-e-type=\"container\">\n\t\t<div class=\"elementor-element elementor-element-d65fc5b e-con-full e-flex e-con e-child\" data-id=\"d65fc5b\" data-element_type=\"container\" data-e-type=\"container\">\n\t\t<div class=\"elementor-element elementor-element-5e9750b e-con-full e-flex e-con e-child\" data-id=\"5e9750b\" data-element_type=\"container\" data-e-type=\"container\">\n\t\t\t\t<div class=\"elementor-element elementor-element-9a2bf62 elementor-widget elementor-widget-react-heading\" data-id=\"9a2bf62\" data-element_type=\"widget\" data-e-type=\"widget\" data-widget_type=\"react-heading.default\">\n\t\t\t\t<div class=\"elementor-widget-container\">\n\t\t\t\t\t\t  \r\n        <div class=\"react-heading default title-border-no\">     \t\t\r\n\t            <span class=\"sub-text\">CO\u00d1\u00c9CENOS<\/span><h2 class=\"title quote\">Quen somos?<\/h2>\t     \r\n\t\t\t\r\n\t\t\t\r\n\t            \r\n        <\/div>\r\n        \t\t\t\t<\/div>\n\t\t\t\t<\/div>\n\t\t\t\t<div class=\"elementor-element elementor-element-ae7116d elementor-widget__width-initial elementor-widget elementor-widget-text-editor\" data-id=\"ae7116d\" data-element_type=\"widget\" data-e-type=\"widget\" data-widget_type=\"text-editor.default\">\n\t\t\t\t<div class=\"elementor-widget-container\">\n\t\t\t\t\t\t\t\t\t<p>Alcume significa alcume en castel\u00e1n. Unha palabra t\u00edpica do \u2018galego\u2019 que transmite <br \/>todo aquilo que somos e queremos ser. Antes de nada, falamos dun termo que <br \/>Ademais, engloba dous valores fundamentais para n\u00f3s: o \npropio e o personalizado. Todos sabemos a carga de significado individual que encerra \nata o m\u00e1is simple dos alcumes\u2026<\/p>\t\t\t\t\t\t\t\t<\/div>\n\t\t\t\t<\/div>\n\t\t\t\t<\/div>\n\t\t\t\t<\/div>\n\t\t\t\t<\/div>\n\t\t<div class=\"elementor-element elementor-element-47e737a e-grid e-con-full e-con e-parent\" data-id=\"47e737a\" data-element_type=\"container\" data-e-type=\"container\">\n\t\t\t\t<div class=\"elementor-element elementor-element-2aaef25 elementor-widget__width-initial elementor-widget elementor-widget-text-editor\" data-id=\"2aaef25\" data-element_type=\"widget\" data-e-type=\"widget\" data-widget_type=\"text-editor.default\">\n\t\t\t\t<div class=\"elementor-widget-container\">\n\t\t\t\t\t\t\t\t\t<p>A dimensi\u00f3n de Alcume vai a\u00ednda m\u00e1is al\u00f3. A creatividade emerxe como outra das nosas \nfortalezas. Enc\u00e1ntannos os xogos de palabras. Por iso, o propio universo Alcume especifica outro dos nosos grandes prop\u00f3sitos. A trav\u00e9s dos nosos dotes comunicativos pretendemos levarte \u2018al-cume\u2019. Basicamente \u00e1 cima, ao cume. A explorar xuntos e coordinados o teito da t\u00faa empresa, organizaci\u00f3n, etc. no que no plano transmisor se refire.<\/p>\t\t\t\t\t\t\t\t<\/div>\n\t\t\t\t<\/div>\n\t\t\t\t<div class=\"elementor-element elementor-element-38f973c elementor-widget elementor-widget-image\" data-id=\"38f973c\" data-element_type=\"widget\" data-e-type=\"widget\" data-widget_type=\"image.default\">\n\t\t\t\t<div class=\"elementor-widget-container\">\n\t\t\t\t\t\t\t\t\t\t\t\t\t\t\t<img fetchpriority=\"high\" decoding=\"async\" width=\"483\" height=\"300\" src=\"https:\/\/alcumecomunicacion.es\/wp-content\/uploads\/2023\/10\/05-1.jpg\" class=\"attachment-large size-large wp-image-7488\" alt=\"\" srcset=\"https:\/\/alcumecomunicacion.es\/wp-content\/uploads\/2023\/10\/05-1.jpg 483w, https:\/\/alcumecomunicacion.es\/wp-content\/uploads\/2023\/10\/05-1-300x186.jpg 300w\" sizes=\"(max-width: 483px) 100vw, 483px\" \/>\t\t\t\t\t\t\t\t\t\t\t\t\t\t\t<\/div>\n\t\t\t\t<\/div>\n\t\t\t\t<\/div>\n\t\t<div class=\"elementor-element elementor-element-ae0d139 e-con-full e-flex e-con e-parent\" data-id=\"ae0d139\" data-element_type=\"container\" data-e-type=\"container\" data-settings=\"{&quot;background_background&quot;:&quot;classic&quot;}\">\n\t\t<div class=\"elementor-element elementor-element-6c17aad e-con-full e-flex e-con e-child\" data-id=\"6c17aad\" data-element_type=\"container\" data-e-type=\"container\">\n\t\t\t\t<div class=\"elementor-element elementor-element-f07a269 elementor-widget__width-inherit elementor-widget elementor-widget-rts-animated-heading\" data-id=\"f07a269\" data-element_type=\"widget\" data-e-type=\"widget\" data-widget_type=\"rts-animated-heading.default\">\n\t\t\t\t<div class=\"elementor-widget-container\">\n\t\t\t\t\t\t  \t\t\t\t<div class=\"water-txt-top rts-has-mask-fill rt_animated_title\">\r\n\t\t\t\t<span>TODO O QUE NECESITAS<\/span>\r\n\t\t\t<\/div>\r\n\t\t\t\t\t\t\t<\/div>\n\t\t\t\t<\/div>\n\t\t\t\t<\/div>\n\t\t\t\t<\/div>\n\t\t<div class=\"elementor-element elementor-element-6c3ec01 e-grid e-con-full e-con e-parent\" data-id=\"6c3ec01\" data-element_type=\"container\" data-e-type=\"container\">\n\t\t\t\t<div class=\"elementor-element elementor-element-dd9a855 elementor-widget elementor-widget-image\" data-id=\"dd9a855\" data-element_type=\"widget\" data-e-type=\"widget\" data-widget_type=\"image.default\">\n\t\t\t\t<div class=\"elementor-widget-container\">\n\t\t\t\t\t\t\t\t\t\t\t\t\t\t\t<img decoding=\"async\" width=\"511\" height=\"555\" src=\"https:\/\/alcumecomunicacion.es\/wp-content\/uploads\/2025\/02\/07-copia.webp\" class=\"attachment-large size-large wp-image-12978\" alt=\"\" srcset=\"https:\/\/alcumecomunicacion.es\/wp-content\/uploads\/2025\/02\/07-copia.webp 511w, https:\/\/alcumecomunicacion.es\/wp-content\/uploads\/2025\/02\/07-copia-276x300.webp 276w, https:\/\/alcumecomunicacion.es\/wp-content\/uploads\/2025\/02\/07-copia-11x12.webp 11w\" sizes=\"(max-width: 511px) 100vw, 511px\" \/>\t\t\t\t\t\t\t\t\t\t\t\t\t\t\t<\/div>\n\t\t\t\t<\/div>\n\t\t\t\t<div class=\"elementor-element elementor-element-204ab5e elementor-widget__width-initial elementor-widget elementor-widget-text-editor\" data-id=\"204ab5e\" data-element_type=\"widget\" data-e-type=\"widget\" data-widget_type=\"text-editor.default\">\n\t\t\t\t<div class=\"elementor-widget-container\">\n\t\t\t\t\t\t\t\t\t<p>Alcume vai ofrecerche todo aquilo que necesitas desde unha perspectiva multimedia e  h\u00edbrida. Adaptada aos diferentes medios, p\u00fablicos, canles e soportes. Conservando a rigorosidade do tradicional e anal\u00f3xico coa modernidade das novas linguaxes e \ntecnolox\u00edas dixitais. En definitiva, unha axencia integral e especializada cuxo fin primordial \u00e9 o teu crecemento.<\/p>\t\t\t\t\t\t\t\t<\/div>\n\t\t\t\t<\/div>\n\t\t\t\t<\/div>\n\t\t<div class=\"elementor-element elementor-element-1430d29 e-con-full e-flex e-con e-parent\" data-id=\"1430d29\" data-element_type=\"container\" data-e-type=\"container\">\n\t\t<div class=\"elementor-element elementor-element-99e6a4f e-flex e-con-boxed e-con e-child\" data-id=\"99e6a4f\" data-element_type=\"container\" data-e-type=\"container\">\n\t\t\t\t\t<div class=\"e-con-inner\">\n\t\t\t\t<div class=\"elementor-element elementor-element-de2521e elementor-widget elementor-widget-react-heading\" data-id=\"de2521e\" data-element_type=\"widget\" data-e-type=\"widget\" data-widget_type=\"react-heading.default\">\n\t\t\t\t<div class=\"elementor-widget-container\">\n\t\t\t\t\t\t  \r\n        <div class=\"react-heading default title-border-no\">     \t\t\r\n\t            <h2 class=\"title quote\">EMPRESAS QUE CONFIAN EN N\u00d3S<\/h2>\t     \r\n\t\t\t\r\n\t\t\t\r\n\t            \r\n        <\/div>\r\n        \t\t\t\t<\/div>\n\t\t\t\t<\/div>\n\t\t\t\t\t<\/div>\n\t\t\t\t<\/div>\n\t\t<div class=\"elementor-element elementor-element-619a71b e-flex e-con-boxed e-con e-child\" data-id=\"619a71b\" data-element_type=\"container\" data-e-type=\"container\">\n\t\t\t\t\t<div class=\"e-con-inner\">\n\t\t\t\t<div class=\"elementor-element elementor-element-9baed6b elementor-widget__width-initial elementor-widget elementor-widget-rt-logo\" data-id=\"9baed6b\" data-element_type=\"widget\" data-e-type=\"widget\" data-widget_type=\"rt-logo.default\">\n\t\t\t\t<div class=\"elementor-widget-container\">\n\t\t\t\t\t        <!-- CSS  -->\n        <style>\n             .rt-grid-figure:last-child{\n                    border: none !important;\n                }\n        <\/style>\n\n                        <div class=\"rs-logo-grid logo-grid-style1\">\n                    <div class=\"row justify-content-center\">\n                                                <div class=\"col-xxl-2 col-lg-2 col-md-3 col-sm-4 col-6  rt-grid-figure\">\n                                <div class=\"logo-img invert-yes\">\n\n                                    <a href=\"https:\/\/www.nosdiario.gal\/\"  class=\"front\"><img decoding=\"async\" class=\"rs-grid-img\"  src=\"https:\/\/alcumecomunicacion.es\/wp-content\/uploads\/2025\/02\/nos-monocromo.jpg\" title=\"nos diario\" alt=\"nos diario\"><\/a>\n                                                                        \n                                <\/div>\n                                                                                                                                <\/div>                   \n                                                    <div class=\"col-xxl-2 col-lg-2 col-md-3 col-sm-4 col-6  rt-grid-figure\">\n                                <div class=\"logo-img invert-yes\">\n\n                                    <a href=\"https:\/\/bictiveshop.com\/\"  class=\"front\"><img decoding=\"async\" class=\"rs-grid-img\"  src=\"https:\/\/alcumecomunicacion.es\/wp-content\/uploads\/2025\/02\/bictive-monocromo.jpg\" title=\"Bictive\" alt=\"Bictive\"><\/a>\n                                                                        \n                                <\/div>\n                                                                                                                                <\/div>                   \n                                                    <div class=\"col-xxl-2 col-lg-2 col-md-3 col-sm-4 col-6  rt-grid-figure\">\n                                <div class=\"logo-img invert-yes\">\n\n                                    <a href=\"https:\/\/futbolingalicia.es\/\"  class=\"front\"><img decoding=\"async\" class=\"rs-grid-img\"  src=\"https:\/\/alcumecomunicacion.es\/wp-content\/uploads\/2025\/02\/futbolingalicia-monocromo.jpg\" title=\"Futbolin Galicia\" alt=\"Futbolin Galicia\"><\/a>\n                                                                        \n                                <\/div>\n                                                                                                                                <\/div>                   \n                                                    <div class=\"col-xxl-2 col-lg-2 col-md-3 col-sm-4 col-6  rt-grid-figure\">\n                                <div class=\"logo-img invert-yes\">\n\n                                    <a href=\"https:\/\/www.instagram.com\/cbchantada\/?hl=es\"  class=\"front\"><img decoding=\"async\" class=\"rs-grid-img\"  src=\"https:\/\/alcumecomunicacion.es\/wp-content\/uploads\/2025\/02\/cb-chantada-monocromo-1.jpg\" title=\"Chantada\" alt=\"Chantada\"><\/a>\n                                                                        \n                                <\/div>\n                                                                                                                                <\/div>                   \n                                                    <div class=\"col-xxl-2 col-lg-2 col-md-3 col-sm-4 col-6  rt-grid-figure\">\n                                <div class=\"logo-img invert-yes\">\n\n                                    <a href=\"https:\/\/infouz.com\/\"  class=\"front\"><img decoding=\"async\" class=\"rs-grid-img\"  src=\"https:\/\/alcumecomunicacion.es\/wp-content\/uploads\/2025\/02\/infouz-monocromo.jpg\" title=\"InFouz\" alt=\"InFouz\"><\/a>\n                                                                        \n                                <\/div>\n                                                                                                                                <\/div>                   \n                                                    <div class=\"col-xxl-2 col-lg-2 col-md-3 col-sm-4 col-6  rt-grid-figure\">\n                                <div class=\"logo-img invert-yes\">\n\n                                    <a href=\"https:\/\/www.castanomerodio.es\/\"  class=\"front\"><img decoding=\"async\" class=\"rs-grid-img\"  src=\"https:\/\/alcumecomunicacion.es\/wp-content\/uploads\/2025\/02\/juliancastano1.jpg\" title=\"Julian Castano Merodio Abogado\" alt=\"Julian Castano Merodio Abogado\"><\/a>\n                                                                        \n                                <\/div>\n                                                                                                                                <\/div>                   \n                                            <\/div>\n                <\/div>\n\n                \t\t\t\t<\/div>\n\t\t\t\t<\/div>\n\t\t\t\t\t<\/div>\n\t\t\t\t<\/div>\n\t\t\t\t<\/div>\n\t\t\t\t<\/div>","protected":false},"excerpt":{"rendered":"<p>CON\u00d3CENOS \u00bfQuienes somos? Alcume significa apodo en castellano. Una palabra t\u00edpica del \u2018galego\u2019 que transmite todo aquello que somos y queremos ser. Antes de nada, hablamos de un t\u00e9rmino que comunica. Responde as\u00ed a nuestro principal objetivo: la comunicaci\u00f3n. Adem\u00e1s, engloba dos valores fundamentales para nosotros: lo propio y lo personalizado. Todos sabemos la carga&#8230;<\/p>","protected":false},"author":1,"featured_media":0,"parent":0,"menu_order":0,"comment_status":"closed","ping_status":"closed","template":"elementor_header_footer","meta":{"footnotes":""},"class_list":["post-5789","page","type-page","status-publish","hentry"],"_links":{"self":[{"href":"https:\/\/alcumecomunicacion.es\/gl\/wp-json\/wp\/v2\/pages\/5789","targetHints":{"allow":["GET"]}}],"collection":[{"href":"https:\/\/alcumecomunicacion.es\/gl\/wp-json\/wp\/v2\/pages"}],"about":[{"href":"https:\/\/alcumecomunicacion.es\/gl\/wp-json\/wp\/v2\/types\/page"}],"author":[{"embeddable":true,"href":"https:\/\/alcumecomunicacion.es\/gl\/wp-json\/wp\/v2\/users\/1"}],"replies":[{"embeddable":true,"href":"https:\/\/alcumecomunicacion.es\/gl\/wp-json\/wp\/v2\/comments?post=5789"}],"version-history":[{"count":77,"href":"https:\/\/alcumecomunicacion.es\/gl\/wp-json\/wp\/v2\/pages\/5789\/revisions"}],"predecessor-version":[{"id":13134,"href":"https:\/\/alcumecomunicacion.es\/gl\/wp-json\/wp\/v2\/pages\/5789\/revisions\/13134"}],"wp:attachment":[{"href":"https:\/\/alcumecomunicacion.es\/gl\/wp-json\/wp\/v2\/media?parent=5789"}],"curies":[{"name":"wp","href":"https:\/\/api.w.org\/{rel}","templated":true}]}}